{"id":1160,"date":"2024-12-23T09:23:55","date_gmt":"2024-12-23T08:23:55","guid":{"rendered":"https:\/\/polnubiala.com\/legalitat\/"},"modified":"2025-02-07T08:02:04","modified_gmt":"2025-02-07T08:02:04","slug":"legalitat","status":"publish","type":"page","link":"https:\/\/polnubiala.com\/ca\/legalitat\/","title":{"rendered":"Legalitat"},"content":{"rendered":"\t\t<div data-elementor-type=\"wp-page\" data-elementor-id=\"1160\" class=\"elementor elementor-1160 elementor-19\" data-elementor-post-type=\"page\">\n\t\t\t\t\t\t<section class=\"elementor-section elementor-top-section elementor-element elementor-element-4ed899b elementor-section-boxed elementor-section-height-default elementor-section-height-default\" data-id=\"4ed899b\" data-element_type=\"section\" data-e-type=\"section\">\n\t\t\t\t\t\t<div class=\"elementor-container elementor-column-gap-default\">\n\t\t\t\t\t<div class=\"elementor-column elementor-col-100 elementor-top-column elementor-element elementor-element-1913583\" data-id=\"1913583\" data-element_type=\"column\" data-e-type=\"column\">\n\t\t\t<div class=\"elementor-widget-wrap elementor-element-populated\">\n\t\t\t\t\t\t<div class=\"elementor-element elementor-element-4da8ae3 elementor-widget elementor-widget-heading\" data-id=\"4da8ae3\" data-element_type=\"widget\" data-e-type=\"widget\" data-widget_type=\"heading.default\">\n\t\t\t\t<div class=\"elementor-widget-container\">\n\t\t\t\t\t<h1 class=\"elementor-heading-title elementor-size-default\">Av\u00eds legal<\/h1>\t\t\t\t<\/div>\n\t\t\t\t<\/div>\n\t\t\t\t<div class=\"elementor-element elementor-element-74eca64 elementor-widget__width-initial elementor-widget elementor-widget-text-editor\" data-id=\"74eca64\" data-element_type=\"widget\" data-e-type=\"widget\" data-widget_type=\"text-editor.default\">\n\t\t\t\t<div class=\"elementor-widget-container\">\n\t\t\t\t\t\t\t\t\t<h5>1. Av\u00eds legal i termes d&#8217;\u00fas<\/h5>\n<p>Puc garantir-te que et trobes en un espai 100 % segur, per aix\u00f2, donant compliment amb el deure d&#8217;informaci\u00f3 recollit en article 10 de la Llei 34\/2002, d&#8217;11 de juliol, de Serveis de la Societat de la Informaci\u00f3 i del Comer\u00e7 Electr\u00f2nic, a continuaci\u00f3 es fa constar:<\/p>\n<p>&nbsp;<\/p>\n<h5>1.1. Dades identificatives del responsable <\/h5>\n<p>Tal com recull la Llei 34\/2002, d&#8217;11 de juliol, de serveis de la societat de la informaci\u00f3 i de comer\u00e7 electr\u00f2nic, l&#8217;informo que:<\/p>\n<ul>\n<li style=\"list-style-type: none;\">\n<\/li><ul>\n<li style=\"font-size: 17px;\">La nostra denominaci\u00f3: Pol Nubiala<\/li>\n<li style=\"font-size: 17px;\">La nostra activitat principal: serveis de locuci\u00f3.<\/li>\n<li style=\"font-size: 17px;\">La nostra adre\u00e7a: Gran Via de les Corts Catalanes 1035, Barcelona.<\/li>\n<li style=\"font-size: 17px;\">El nostre tel\u00e8fon de contacte: 623 929 122<\/li>\n<li style=\"font-size: 17px;\">La nostra adre\u00e7a de correu electr\u00f2nic de contacte: pol@nubiala.com<\/li>\n<li style=\"font-size: 17px;\">La nostra p\u00e0gina web: https:\/\/polnubiala.com\/<\/li>\n<\/ul>\n\n<\/ul><div><br><\/div>\n<div><\/div>\n<h5>1.2. Finalitat de la p\u00e0gina web <\/h5>\n<p>Els serveis prestats pel responsable de la p\u00e0gina web s\u00f3n els seg\u00fcents:<\/p>\n<ul>\n<li>La venda de serveis de locuci\u00f3.<\/li>\n<li>Gestionar la llista de subscriptors i usuaris adscrits.<\/li>\n<li>Subministrament de continguts en el blog.<\/li>\n<li>Dirigir la seva xarxa d&#8217; afiliats i comerciants aix\u00ed com la gesti\u00f3 de pagaments dels mateixos.<\/li>\n<\/ul><div><br><\/div>\n<div><\/div>\n<h5>1.3. Usuaris: <\/h5>\n<p>L&#8217;acc\u00e9s i\/o \u00fas d&#8217;aquest lloc web atribueix la condici\u00f3 d&#8217;USUARI, que accepta, des d&#8217;aquest acc\u00e9s i\/o \u00fas,els&nbsp; presents termes d&#8217;\u00fas, no obstant aix\u00f2, pel mer \u00fas de la p\u00e0gina web no significa l&#8217;inici de relaci\u00f3 laboral\/comercial alguna.<\/p>\n<p>&nbsp;<\/p>\n<h5>1.4. \u00das del lloc web i captura d&#8217;informaci\u00f3: <\/h5>\n<h6>1.4.1 \u00das del lloc web<\/h6>\n<p>La p\u00e0gina web&nbsp; en endavant (LA WEB) proporciona l&#8217;acc\u00e9s a articles, informacions, serveis i dades (en endavant, &#8220;els continguts&#8221;) propietat de Pol Nubiala. L&#8217;USUARI assumeix la responsabilitat de l&#8217;\u00fas de la web. <\/p>\n<p>L&#8217;USUARI es compromet a fer un \u00fas adequat dels continguts que ofereix a trav\u00e9s del seu web i amb car\u00e0cter enunciatiu per\u00f2 no limitatiu, a no emprar-los per:&nbsp;inc\u00f3rrer en activitats il\u00b7l\u00edcites, il\u00b7legals o contr\u00e0ries a la bona fe i a l&#8217;ordre p\u00fablic;<\/p>\n<ul>\n<li>difondre continguts o propaganda de car\u00e0cter racista, xen\u00f2fob, pornogr\u00e0fic-il\u00b7legal, d&#8217;apologia del terrorisme o atemptatotori contra els drets humans;<\/li>\n<li>provocar danys en els sistemes f\u00edsics i l\u00f2gics de la web, dels seus prove\u00efdors o de terceres persones, introduir o difondre en la xarxa virus inform\u00e0tics o qualssevol altres sistemes f\u00edsics o l\u00f2gics que siguin susceptibles de provocar els danys anteriorment esmentats;<\/li>\n<li>intentar accedir i, si s&#8217; escau, utilitzar els comptes de correu electr\u00f2nic d&#8217; altres usuaris i modificar o manipular els seus missatges.<\/li>\n<\/ul>\n<div><\/div>\n<div><\/div>\n<p>Pol Nubiala es reserva el dret de retirar tots aquells comentaris i aportacions que vulnerin el respecte a la dignitat de la persona, que siguin discriminatoris, xen\u00f2fobs, racistes, pornogr\u00e0fics, que atempten contra la joventut o la inf\u00e0ncia, l&#8217; ordre o la seguretat p\u00fablica o que, al seu parer, no resultessin adequats per a la seva publicaci\u00f3.<\/p>\n<p>En qualsevol cas,Pol Nubiala no ser\u00e0 responsable de les opinions abocades pels usuaris a trav\u00e9s del blog o altres eines de participaci\u00f3 que puguin crear-se, conforme al previst en la normativa d&#8217;aplicaci\u00f3.<\/p>\n<p>&nbsp;<\/p>\n<h6>1.4.2 Captura d&#8217; informaci\u00f3<\/h6>\n<ul>\n<li>Formulari de contacte, on l&#8217; USUARI haur\u00e0 d&#8217; emplenar el camp de correu electr\u00f2nic, assumpte i nom.<\/li>\n<li>Formulari de subscripci\u00f3, omplint l&#8217;USUARI els camps necessaris per a la subscripci\u00f3 al web amb els camps de nom, i email<\/li>\n<li>Formulari de venda, omplint l&#8217; USUARI els camps necessaris per a la venda amb els camps de nom, email, adre\u00e7a i DNI.<\/li>\n<li>Cookies de rastreig, conforme a les seg\u00fcents regles<\/li>\n<li>&nbsp;Navegaci\u00f3 i Adre\u00e7a IP: En navegar per aquesta web, l&#8217;usuari facilita de forma autom\u00e0tica al servidor de la web informaci\u00f3 relativa a la teva adre\u00e7a IP, data i hora d&#8217;acc\u00e9s, l&#8217;hipervincle que li ha reenviat a aquestes, el teu sistema operatiu i el navegador utilitzat.<\/li>\n<\/ul>\n<div><\/div>\n<div><\/div>\n<p>Malgrat l&#8217;anterior, els usuaris podran<strong> donar-se de baixa en qualsevol moment<\/strong> dels serveis prestats per Pol Nubiala dades aportades per l&#8217;USUARI donant compliment a la normativa vigent sobre Protecci\u00f3 de Dades. Aix\u00ed mateix, tant en subscriure&#8217;s a aquesta p\u00e0gina web com en realitzar algun comentari en qualsevol de les seves p\u00e0gines i\/o entrades, l&#8217;usuari consent: <\/p>\n<ul>\n<li>El tractament de les seves dades personals a l&#8217;entorn de WordPress conforme a les seves pol\u00edtiques de privacitat.<\/li>\n<li>L&#8217;acc\u00e9s de Pol Nubiala a les dades que, d&#8217;acord amb la infraestructura de WordPress, necessiti l&#8217;usuari aportar b\u00e9 per a la subscripci\u00f3 al web b\u00e9 per a qualsevol consulta mitjan\u00e7ant el formulari de contacte.<\/li>\n<li>Aix\u00ed mateix, informem que la informaci\u00f3 dels nostres usuaris est\u00e0 protegida d&#8217;acord amb la nostra pol\u00edtica de privacitat.<\/li>\n<\/ul>\n<div><\/div>\n<p>En activar una subscripci\u00f3, formulari de contacte o comentari, l&#8217; usuari compr\u00e8n i accepta que:<\/p>\n<p>Des del moment en qu\u00e8 efectua la seva subscripci\u00f3 o accedeixes a algun servei de pagament, Pol Nubiala t\u00e9 acc\u00e9s<\/p>\n<p>a: Nom, i email, o altres dades necess\u00e0ries conformant un fitxer amb el nom d'&#8221;USUARIS DE LA WEB I SUBSCRIPTORS&#8221; o en el cas de realitzar alguna compra, ser\u00e0 subscrit al fitxer de &#8220;CLIENTS I\/O PROVE\u00cfDORS&#8221; tenint acc\u00e9s a dades de nom, cognoms, email, dni i domicili complet.<\/p>\n<p>En tot cas Pol Nubiala es reserva el dret de modificar, en qualsevol moment i sense necessitat de previ av\u00eds, la presentaci\u00f3 i configuraci\u00f3 del web https:\/\/www.polnubiala.com com el present av\u00eds legal.<\/p>\n<p>&nbsp;<\/p>\n<h5>2. Propietat intel\u00b7lectual i industrial<\/h5>\n<p>Pol Nubiala&nbsp; per si mateix o com a cessionari, \u00e9s titular de tots els drets de propietat intel\u00b7lectual i industrial de la seva p\u00e0gina web, aix\u00ed com dels elements continguts en la mateixa (a t\u00edtol enunciatiu, imatges, so, \u00e0udio, v\u00eddeo, programari o textos; marques o logotips, combinacions de colors, estructura i disseny, selecci\u00f3 de materials usats, programes d&#8217;ordinador necessaris per al seu funcionament,  acc\u00e9s i \u00fas, etc.), titularitat de Pol Nubiala o b\u00e9 dels seus llicenciants. Tots els drets reservats.<\/p>\n<p>Qualsevol \u00fas no autoritzat pr\u00e8viament per Pol Nubiala ser\u00e0 considerat un incompliment greu dels drets de propietat intel\u00b7lectual o industrial de l&#8217;autor.<\/p>\n<p>Queden expressament prohibides la reproducci\u00f3, la distribuci\u00f3 i la comunicaci\u00f3 p\u00fablica, inclosa la seva modalitat de posada a disposici\u00f3, de la totalitat o part dels continguts d&#8217; aquesta p\u00e0gina web, amb finalitats comercials, en qualsevol suport i per qualsevol mitj\u00e0 t\u00e8cnic, sense l&#8217; autoritzaci\u00f3 de Pol Nubiala.<\/p>\n<p>L&#8217;USUARI es compromet a respectar els drets de Propietat Intel\u00b7lectual i Industrial titularitat de Pol Nubiala. Podr\u00e0 visualitzar \u00fanicament els elements de la web sense possibilitat d&#8217;imprimir-los, copiar-los o emmagatzemar-los en el disc dur del seu ordinador o en qualsevol altre suport f\u00edsic. L&#8217;USUARI haur\u00e0 d&#8217;abstenir-se de suprimir, alterar, eludir o manipular qualsevol dispositiu de protecci\u00f3 o sistema de seguretat que estigu\u00e9s instal\u00b7lat a les p\u00e0gines de Pol Nubiala.<\/p>\n<p>Queda terminantment prohibit compartir la llic\u00e8ncia per a \u00fas amb m\u00e9s persones,<strong> cada llic\u00e8ncia \u00e9s personal i intransferible reservant-nos quantes accions civils i penals ens assisteixin en nom de salvaguardar els nostres drets, <\/strong> tot aix\u00f2 sota advertci\u00f3 d&#8217;inc\u00f3rrer en un delicte contra la propietat intel\u00b7lectual de l&#8217;art.<\/p>\n<p>&nbsp;<\/p>\n<h5>3. Exclusi\u00f3 de garanties i responsabilitat<\/h5>\n<p>Pol Nubiala no es fa responsable, en cap cas, dels danys i perjudicis de qualsevol naturalesa que poguessin ocasionar, a t\u00edtol enunciatiu: per errors o omissions en els continguts, per falta de disponibilitat del lloc web, \u2013 el qual realitzar\u00e0 parades peri\u00f2diques per manteniments t\u00e8cnics \u2013 aix\u00ed com per la transmissi\u00f3 de virus o programes maliciosos o lesius en els continguts,  malgrat haver adoptat totes les mesures tecnol\u00f2giques necess\u00e0ries per evitar-ho.<\/p>\n<p>&nbsp;<\/p>\n<h5>4. Modificacions<\/h5>\n<p>Pol Nubiala es reserva el dret d&#8217;efectuar sense previ av\u00eds les modificacions que consideri oportunes al seu web, podent canviar, suprimir o afegir tant els continguts i serveis que es prestin a trav\u00e9s de la mateixa com la forma en qu\u00e8 aquests apareguin presentats o localitzats al seu web.<\/p>\n<p>&nbsp;<\/p>\n<h5>5. Pol\u00edtica d&#8217;enlla\u00e7os<\/h5>\n<p>Les persones o entitats que pretenguin realitzar o realitzin un hiperenlla\u00e7 des d&#8217; una p\u00e0gina web d&#8217; un altre portal d&#8217; Internet a la web de Pol Nubiala s&#8217; haur\u00e0 de sotmetre les condicions seg\u00fcents:<\/p>\n<ul>\n<li>No es permet la reproducci\u00f3 total o parcial de cap dels serveis ni continguts del lloc web sense la pr\u00e8via autoritzaci\u00f3 expressa dePol Nubiala.<\/li>\n<li>No s&#8217;establiran deep-links ni enlla\u00e7os IMG o d&#8217;imatge, ni frames amb la web de Pol Nubiala sense la seva pr\u00e8via autoritzaci\u00f3 expressa.<\/li>\n<li>No s&#8217; establir\u00e0 cap manifestaci\u00f3 falsa, inexacta o incorrecta sobre la web de Pol Nubiala, ni sobre els serveis o continguts de la mateixa. Llevat d&#8217; aquells signes que formin part de l&#8217; hipervincle, la p\u00e0gina web en la qual s&#8217; estableixi no contindr\u00e0 cap marca, nom comercial, r\u00e8tol d&#8217; establiment, denominaci\u00f3, logotip, esl\u00f2gan o altres signes distintius pertanyents a Pol Nubiala, llevat d&#8217; autoritzaci\u00f3 expressa d&#8217; aquest.<\/li>\n<li>L&#8217; establiment de l&#8217; hipervincle no implicar\u00e0 l&#8217; exist\u00e8ncia de relacions entre Pol Nubiala i el titular de la p\u00e0gina web o del portal des del qual es realitzi, ni el coneixement i acceptaci\u00f3 de Pol Nubiala dels serveis i continguts oferts en l&#8217; esmentada p\u00e0gina web o portal.<\/li>\n<li>Pol Nubiala no ser\u00e0 responsable dels continguts o serveis posats a disposici\u00f3 del p\u00fablic a la p\u00e0gina web o portal des del qual es realitzi l&#8217;hipervincle, ni de les informacions i manifestacions incloses en els mateixos.<\/li>\n<\/ul>\n<div><\/div>\n<div><\/div>\n<p>El lloc web de Pol Nubiala pot posar a disposici\u00f3 de l&#8217;usuari connexions i enlla\u00e7os a altres llocs web gestionats i controlats per tercers. Aquests enlla\u00e7os tenen com a exclusiva funci\u00f3, la de facilitar als usuaris la recerca d&#8217; informaci\u00f3, continguts i serveis a Internet, sense que en cap cas pugui considerar-se un suggeriment, recomanaci\u00f3 o invitaci\u00f3 per a la visita dels mateixos.<\/p>\n<p>Pol Nubiala no comercialitza, ni dirigeix, ni controla pr\u00e8viament, ni fa propis els continguts, serveis, informacions i manifestacions disponibles en aquests llocs web.<\/p>\n<p>Pol Nubiala no assumeix cap tipus de responsabilitat, ni tan sols de forma indirecta o subsidi\u00e0ria, pels danys i perjudicis de tota classe que poguessin derivar-se de l&#8217;acc\u00e9s, manteniment, \u00fas, qualitat, licitud, fiabilitat i utilitat dels continguts, informacions, comunicacions, opinions, manifestacions, productes i serveis existents o oferts en els llocs web no gestionats per Servidor Nubiala i que resultin accessibles a trav\u00e9s de Pol Nubiala.<span style=\"color: var( --e-global-color-text ); font-family: var( --e-global-typography-text-font-family ), Sans-serif; font-size: var( --e-global-typography-text-font-size ); font-weight: var( --e-global-typography-text-font-weight );\">&nbsp;<\/span><\/p>\n<p><span style=\"color: var( --e-global-color-text ); font-family: var( --e-global-typography-text-font-family ), Sans-serif; font-size: var( --e-global-typography-text-font-size ); font-weight: var( --e-global-typography-text-font-weight );\">&nbsp;<\/span><\/p>\n<h5>6. Dret d&#8217;exclusi\u00f3<\/h5>\n<p>Pol Nubiala es reserva el dret a denegar o retirar l&#8217;acc\u00e9s al portal i\/o els serveis oferts sense necessitat de preav\u00eds, a inst\u00e0ncia pr\u00f2pia o d&#8217;un tercer, a aquells usuaris que incompleixin les presents Condicions Generals d&#8217;\u00das.<\/p>\n<p>&nbsp;<\/p>\n<h5>7. Generalitats<\/h5>\n<p>Pol Nubiala perseguir\u00e0 l&#8217;incompliment de les presents condicions aix\u00ed com qualsevol utilitzaci\u00f3 indeguda del seu web exercint totes les accions civils i penals que li puguin correspondre en dret.<\/p>\n<p>&nbsp;<\/p>\n<h5>8. Modificaci\u00f3 de les presents condicions i durada<\/h5>\n<p>Pol Nubiala podr\u00e0 modificar en qualsevol moment les condicions aqu\u00ed determinades, essent degudament publicades com aqu\u00ed apareixen. La vig\u00e8ncia de les esmentades condicions anir\u00e0 en funci\u00f3 de la seva exposici\u00f3 i seran vigents fins que siguin modificades per altres degudament publicades.<\/p>\n<p>&nbsp;<\/p>\n<h5>9. Reclamacions i dubtes<\/h5>\n<p>Pol Nubiala informa que existeixen fulls de reclamaci\u00f3 a disposici\u00f3 d&#8217;usuaris i clients podent remetre un correu a pol@nubiala.com indicant el seu nom i cognoms, el servei o producte adquirit i exposant els motius de la seva reclamaci\u00f3.<\/p>\n<p>&nbsp;<\/p>\n<h5 style=\"font-family: -apple-system, 'system-ui', 'Segoe UI', Roboto, 'Helvetica Neue', Arial, 'Noto Sans', sans-serif, 'Apple Color Emoji', 'Segoe UI Emoji', 'Segoe UI Symbol', 'Noto Color Emoji';\">10. Legislaci\u00f3 aplicable i jurisdicci\u00f3<\/h5>\n<p>La relaci\u00f3 entre Pol Nubiala &nbsp;i l&#8217; USUARI es regir\u00e0 per la normativa espanyola vigent i qualsevol controv\u00e8rsia se sotmetr\u00e0 als Jutjats i tribunals de la ciutat de Barcelona, llevat que la Llei aplicable disposi una altra cosa.<\/p>\t\t\t\t\t\t\t\t<\/div>\n\t\t\t\t<\/div>\n\t\t\t\t\t<\/div>\n\t\t<\/div>\n\t\t\t\t\t<\/div>\n\t\t<\/section>\n\t\t\t\t<\/div>\n\t\t","protected":false},"excerpt":{"rendered":"<p>Av\u00eds legal 1. Av\u00eds legal i termes d&#8217;\u00fas Puc garantir-te que et trobes en un espai 100 % segur, per aix\u00f2, donant compliment amb el deure d&#8217;informaci\u00f3 recollit en article 10 de la Llei 34\/2002, d&#8217;11 de juliol, de Serveis de la Societat de la Informaci\u00f3 i del Comer\u00e7 Electr\u00f2nic, a continuaci\u00f3 es fa constar: [&hellip;]<\/p>\n","protected":false},"author":1,"featured_media":0,"parent":0,"menu_order":0,"comment_status":"closed","ping_status":"closed","template":"elementor_header_footer","meta":{"inline_featured_image":false,"footnotes":""},"class_list":["post-1160","page","type-page","status-publish","hentry"],"yoast_head":"<!-- This site is optimized with the Yoast SEO plugin v27.4 - https:\/\/yoast.com\/product\/yoast-seo-wordpress\/ -->\n<title>Legalitat - Pol Nubiala<\/title>\n<meta name=\"robots\" content=\"noindex, follow\" \/>\n<meta property=\"og:locale\" content=\"ca_ES\" \/>\n<meta property=\"og:type\" content=\"article\" \/>\n<meta property=\"og:title\" content=\"Legalitat - Pol Nubiala\" \/>\n<meta property=\"og:description\" content=\"Av\u00eds legal 1. Av\u00eds legal i termes d&#8217;\u00fas Puc garantir-te que et trobes en un espai 100 % segur, per aix\u00f2, donant compliment amb el deure d&#8217;informaci\u00f3 recollit en article 10 de la Llei 34\/2002, d&#8217;11 de juliol, de Serveis de la Societat de la Informaci\u00f3 i del Comer\u00e7 Electr\u00f2nic, a continuaci\u00f3 es fa constar: [&hellip;]\" \/>\n<meta property=\"og:url\" content=\"https:\/\/polnubiala.com\/ca\/legalitat\/\" \/>\n<meta property=\"og:site_name\" content=\"Pol Nubiala\" \/>\n<meta property=\"article:modified_time\" content=\"2025-02-07T08:02:04+00:00\" \/>\n<meta name=\"twitter:card\" content=\"summary_large_image\" \/>\n<meta name=\"twitter:label1\" content=\"Temps estimat de lectura\" \/>\n\t<meta name=\"twitter:data1\" content=\"10 minuts\" \/>\n<script type=\"application\/ld+json\" class=\"yoast-schema-graph\">{\"@context\":\"https:\\\/\\\/schema.org\",\"@graph\":[{\"@type\":\"WebPage\",\"@id\":\"https:\\\/\\\/polnubiala.com\\\/ca\\\/legalitat\\\/\",\"url\":\"https:\\\/\\\/polnubiala.com\\\/ca\\\/legalitat\\\/\",\"name\":\"Legalitat - Pol Nubiala\",\"isPartOf\":{\"@id\":\"https:\\\/\\\/polnubiala.com\\\/ca\\\/#website\"},\"datePublished\":\"2024-12-23T08:23:55+00:00\",\"dateModified\":\"2025-02-07T08:02:04+00:00\",\"breadcrumb\":{\"@id\":\"https:\\\/\\\/polnubiala.com\\\/ca\\\/legalitat\\\/#breadcrumb\"},\"inLanguage\":\"ca\",\"potentialAction\":[{\"@type\":\"ReadAction\",\"target\":[\"https:\\\/\\\/polnubiala.com\\\/ca\\\/legalitat\\\/\"]}]},{\"@type\":\"BreadcrumbList\",\"@id\":\"https:\\\/\\\/polnubiala.com\\\/ca\\\/legalitat\\\/#breadcrumb\",\"itemListElement\":[{\"@type\":\"ListItem\",\"position\":1,\"name\":\"Portada\",\"item\":\"https:\\\/\\\/polnubiala.com\\\/ca\\\/\"},{\"@type\":\"ListItem\",\"position\":2,\"name\":\"Legalitat\"}]},{\"@type\":\"WebSite\",\"@id\":\"https:\\\/\\\/polnubiala.com\\\/ca\\\/#website\",\"url\":\"https:\\\/\\\/polnubiala.com\\\/ca\\\/\",\"name\":\"Pol Nubiala\",\"description\":\"\",\"publisher\":{\"@id\":\"https:\\\/\\\/polnubiala.com\\\/ca\\\/#organization\"},\"potentialAction\":[{\"@type\":\"SearchAction\",\"target\":{\"@type\":\"EntryPoint\",\"urlTemplate\":\"https:\\\/\\\/polnubiala.com\\\/ca\\\/?s={search_term_string}\"},\"query-input\":{\"@type\":\"PropertyValueSpecification\",\"valueRequired\":true,\"valueName\":\"search_term_string\"}}],\"inLanguage\":\"ca\"},{\"@type\":\"Organization\",\"@id\":\"https:\\\/\\\/polnubiala.com\\\/ca\\\/#organization\",\"name\":\"Pol Nubiala\",\"url\":\"https:\\\/\\\/polnubiala.com\\\/ca\\\/\",\"logo\":{\"@type\":\"ImageObject\",\"inLanguage\":\"ca\",\"@id\":\"https:\\\/\\\/polnubiala.com\\\/ca\\\/#\\\/schema\\\/logo\\\/image\\\/\",\"url\":\"https:\\\/\\\/polnubiala.com\\\/wp-content\\\/uploads\\\/2024\\\/12\\\/pol-nubiala-logo.png\",\"contentUrl\":\"https:\\\/\\\/polnubiala.com\\\/wp-content\\\/uploads\\\/2024\\\/12\\\/pol-nubiala-logo.png\",\"width\":1212,\"height\":186,\"caption\":\"Pol Nubiala\"},\"image\":{\"@id\":\"https:\\\/\\\/polnubiala.com\\\/ca\\\/#\\\/schema\\\/logo\\\/image\\\/\"}}]}<\/script>\n<!-- \/ Yoast SEO plugin. -->","yoast_head_json":{"title":"Legalitat - Pol Nubiala","robots":{"index":"noindex","follow":"follow"},"og_locale":"ca_ES","og_type":"article","og_title":"Legalitat - Pol Nubiala","og_description":"Av\u00eds legal 1. Av\u00eds legal i termes d&#8217;\u00fas Puc garantir-te que et trobes en un espai 100 % segur, per aix\u00f2, donant compliment amb el deure d&#8217;informaci\u00f3 recollit en article 10 de la Llei 34\/2002, d&#8217;11 de juliol, de Serveis de la Societat de la Informaci\u00f3 i del Comer\u00e7 Electr\u00f2nic, a continuaci\u00f3 es fa constar: [&hellip;]","og_url":"https:\/\/polnubiala.com\/ca\/legalitat\/","og_site_name":"Pol Nubiala","article_modified_time":"2025-02-07T08:02:04+00:00","twitter_card":"summary_large_image","twitter_misc":{"Temps estimat de lectura":"10 minuts"},"schema":{"@context":"https:\/\/schema.org","@graph":[{"@type":"WebPage","@id":"https:\/\/polnubiala.com\/ca\/legalitat\/","url":"https:\/\/polnubiala.com\/ca\/legalitat\/","name":"Legalitat - Pol Nubiala","isPartOf":{"@id":"https:\/\/polnubiala.com\/ca\/#website"},"datePublished":"2024-12-23T08:23:55+00:00","dateModified":"2025-02-07T08:02:04+00:00","breadcrumb":{"@id":"https:\/\/polnubiala.com\/ca\/legalitat\/#breadcrumb"},"inLanguage":"ca","potentialAction":[{"@type":"ReadAction","target":["https:\/\/polnubiala.com\/ca\/legalitat\/"]}]},{"@type":"BreadcrumbList","@id":"https:\/\/polnubiala.com\/ca\/legalitat\/#breadcrumb","itemListElement":[{"@type":"ListItem","position":1,"name":"Portada","item":"https:\/\/polnubiala.com\/ca\/"},{"@type":"ListItem","position":2,"name":"Legalitat"}]},{"@type":"WebSite","@id":"https:\/\/polnubiala.com\/ca\/#website","url":"https:\/\/polnubiala.com\/ca\/","name":"Pol Nubiala","description":"","publisher":{"@id":"https:\/\/polnubiala.com\/ca\/#organization"},"potentialAction":[{"@type":"SearchAction","target":{"@type":"EntryPoint","urlTemplate":"https:\/\/polnubiala.com\/ca\/?s={search_term_string}"},"query-input":{"@type":"PropertyValueSpecification","valueRequired":true,"valueName":"search_term_string"}}],"inLanguage":"ca"},{"@type":"Organization","@id":"https:\/\/polnubiala.com\/ca\/#organization","name":"Pol Nubiala","url":"https:\/\/polnubiala.com\/ca\/","logo":{"@type":"ImageObject","inLanguage":"ca","@id":"https:\/\/polnubiala.com\/ca\/#\/schema\/logo\/image\/","url":"https:\/\/polnubiala.com\/wp-content\/uploads\/2024\/12\/pol-nubiala-logo.png","contentUrl":"https:\/\/polnubiala.com\/wp-content\/uploads\/2024\/12\/pol-nubiala-logo.png","width":1212,"height":186,"caption":"Pol Nubiala"},"image":{"@id":"https:\/\/polnubiala.com\/ca\/#\/schema\/logo\/image\/"}}]}},"_links":{"self":[{"href":"https:\/\/polnubiala.com\/ca\/wp-json\/wp\/v2\/pages\/1160","targetHints":{"allow":["GET"]}}],"collection":[{"href":"https:\/\/polnubiala.com\/ca\/wp-json\/wp\/v2\/pages"}],"about":[{"href":"https:\/\/polnubiala.com\/ca\/wp-json\/wp\/v2\/types\/page"}],"author":[{"embeddable":true,"href":"https:\/\/polnubiala.com\/ca\/wp-json\/wp\/v2\/users\/1"}],"replies":[{"embeddable":true,"href":"https:\/\/polnubiala.com\/ca\/wp-json\/wp\/v2\/comments?post=1160"}],"version-history":[{"count":1,"href":"https:\/\/polnubiala.com\/ca\/wp-json\/wp\/v2\/pages\/1160\/revisions"}],"predecessor-version":[{"id":1161,"href":"https:\/\/polnubiala.com\/ca\/wp-json\/wp\/v2\/pages\/1160\/revisions\/1161"}],"wp:attachment":[{"href":"https:\/\/polnubiala.com\/ca\/wp-json\/wp\/v2\/media?parent=1160"}],"curies":[{"name":"wp","href":"https:\/\/api.w.org\/{rel}","templated":true}]}}