{"id":1164,"date":"2024-12-23T09:23:55","date_gmt":"2024-12-23T08:23:55","guid":{"rendered":"https:\/\/polnubiala.com\/privacitat\/"},"modified":"2025-02-07T08:09:40","modified_gmt":"2025-02-07T08:09:40","slug":"privacitat","status":"publish","type":"page","link":"https:\/\/polnubiala.com\/ca\/privacitat\/","title":{"rendered":"Privacitat"},"content":{"rendered":"\t\t<div data-elementor-type=\"wp-page\" data-elementor-id=\"1164\" class=\"elementor elementor-1164 elementor-17\" data-elementor-post-type=\"page\">\n\t\t\t\t\t\t<section class=\"elementor-section elementor-top-section elementor-element elementor-element-bcbc22f elementor-section-boxed elementor-section-height-default elementor-section-height-default\" data-id=\"bcbc22f\" data-element_type=\"section\" data-e-type=\"section\">\n\t\t\t\t\t\t<div class=\"elementor-container elementor-column-gap-default\">\n\t\t\t\t\t<div class=\"elementor-column elementor-col-100 elementor-top-column elementor-element elementor-element-e640ca6\" data-id=\"e640ca6\" data-element_type=\"column\" data-e-type=\"column\">\n\t\t\t<div class=\"elementor-widget-wrap elementor-element-populated\">\n\t\t\t\t\t\t<div class=\"elementor-element elementor-element-2b4846e elementor-widget elementor-widget-heading\" data-id=\"2b4846e\" data-element_type=\"widget\" data-e-type=\"widget\" data-widget_type=\"heading.default\">\n\t\t\t\t<div class=\"elementor-widget-container\">\n\t\t\t\t\t<h1 class=\"elementor-heading-title elementor-size-default\">Pol\u00edtica de privacitat<\/h1>\t\t\t\t<\/div>\n\t\t\t\t<\/div>\n\t\t\t\t<div class=\"elementor-element elementor-element-6a327d4 elementor-widget__width-initial elementor-widget elementor-widget-text-editor\" data-id=\"6a327d4\" data-element_type=\"widget\" data-e-type=\"widget\" data-widget_type=\"text-editor.default\">\n\t\t\t\t<div class=\"elementor-widget-container\">\n\t\t\t\t\t\t\t\t\t<h5><strong>Informaci\u00f3 en compliment de la normativa de protecci\u00f3 de dades personals<\/strong><\/h5>\n<p>A Europa i a Espanya hi ha normes de protecci\u00f3 de dades pensades per protegir la seva informaci\u00f3 personal d&#8217;obligat compliment per a la nostra entitat.<\/p>\n<p>Per aix\u00f2, \u00e9s molt important per a nosaltres que entengui perfectament qu\u00e8 vam fer amb les dades personals que li demanem.<\/p>\n<p>Aix\u00ed, serem transparents i li donarem el control de les seves dades, amb un llenguatge senzill i opcions clares que li permetran decidir qu\u00e8 farem amb la seva informaci\u00f3 personal.<\/p>\n<p>Per favor, si un cop llegida la present informaci\u00f3 li queda algun dubte, no dubti a preguntar-nos.<br>Moltes gr\u00e0cies per la seva col\u00b7laboraci\u00f3.<\/p>\n<p><\/p>\n<h5><b>Qui som?<\/b><\/h5>\n<ul>\n<li>La nostra denominaci\u00f3: Pol Nubiala<\/li>\n<li>La nostra activitat principal: serveis de locuci\u00f3.<\/li>\n<li>La nostra adre\u00e7a: Gran Via de les Corts Catalanes 1035, Barcelona.<\/li>\n<li>El nostre tel\u00e8fon de contacte: 623 929 122<\/li>\n<li>La nostra adre\u00e7a de correu electr\u00f2nic de contacte:&nbsp;pol@nubiala.com<\/li>\n<li>La nostra p\u00e0gina web: https:\/\/polnubiala.com\/<\/li>\n<\/ul>\n<div>&nbsp;<\/div>\n<p>Estem a la seva disposici\u00f3, no dubti a contactar amb nosaltres.<\/p>\n<p><\/p>\n<h5><b>Per a qu\u00e8 vam fer servir les seves dades?<\/b><\/h5>\n<p>Amb car\u00e0cter general, les seves dades personals seran usades per poder relacionar-nos amb vost\u00e8 i poder prestar-li els nostres serveis.<\/p>\n<p>Aix\u00ed mateix, tamb\u00e9 poden ser usats per a altres activitats, com enviar-li publicitat o promocionar les nostres activitats.<\/p>\n<p><\/p>\n<h5><b>Per qu\u00e8 necessitem fer servir les seves dades?<\/b><\/h5>\n<p>Les seves dades personals s\u00f3n necess\u00e0ries per poder relacionar-nos amb vost\u00e8 i poder prestar-li els nostres serveis. En aquest sentit, posarem a la seva disposici\u00f3 una s\u00e8rie de caselles que li permetran decidir de manera clara i senzilla sobre l&#8217; \u00fas de la seva informaci\u00f3 personal. <\/p>\n<p><\/p>\n<h5><b>Qui va con\u00e8ixer la informaci\u00f3 que li demanem?<\/b><\/h5>\n<p>Amb car\u00e0cter general, nom\u00e9s el personal de la nostra entitat que estigui degudament autoritzat podr\u00e0 tenir coneixement de la informaci\u00f3 que li demanem.<\/p>\n<p>De la mateixa manera, podran tenir coneixement de la seva informaci\u00f3 personal aquelles entitats que necessitin tenir-hi acc\u00e9s perqu\u00e8 puguem prestar-li els nostres serveis. Aix\u00ed per exemple, el nostre banc coneixer\u00e0 les seves dades si el pagament dels nostres serveis es realitza mitjan\u00e7ant targeta o transfer\u00e8ncia banc\u00e0ria. <\/p>\n<p>Aix\u00ed mateix, tindran coneixement de la seva informaci\u00f3 aquelles entitats p\u00fabliques o privades a les quals estem obligats a facilitar les seves dades personals amb motiu del compliment d&#8217; alguna llei. Posant-li un exemple, la Llei Tribut\u00e0ria obliga a facilitar a l&#8217; Ag\u00e8ncia Tribut\u00e0ria determinada informaci\u00f3 sobre operacions econ\u00f2miques que superin una determinada quantitat. <\/p>\n<p>En el cas que, al marge dels sup\u00f2sits comentats, necessitem donar a con\u00e8ixer la seva informaci\u00f3 personal a altres entitats, li demanarem pr\u00e8viament el seu perm\u00eds a trav\u00e9s d&#8217;opcions clares que li permetran decidir sobre aix\u00f2.<\/p>\n<p><\/p>\n<h5><b>Com vam protegir les seves dades?<\/b><\/h5>\n<p>Protegirem les seves dades amb mesures de seguretat eficaces en funci\u00f3 dels riscos que comporti l&#8217; \u00fas de la seva informaci\u00f3.<\/p>\n<p>Per a aix\u00f2, la nostra entitat ha aprovat una Pol\u00edtica de Protecci\u00f3 de Dades i es realitzen controls i auditories anuals per verificar que les seves dades personals estan segures en tot moment.<\/p>\n<p><\/p>\n<h5><b>Enviarem les seves dades a altres pa\u00efsos?<\/b><\/h5>\n<p>Al m\u00f3n hi ha pa\u00efsos que s\u00f3n segurs per a les seves dades i d&#8217;altres que no ho s\u00f3n tant. Aix\u00ed per exemple, la Uni\u00f3 Europea \u00e9s un entorn segur per a les seves dades. La nostra pol\u00edtica \u00e9s no enviar la seva informaci\u00f3 personal a cap pa\u00eds que no sigui segur des del punt de vista de la protecci\u00f3 de les seves dades.  <\/p>\n<p>En el cas que, amb motiu de prestar-li el servei, sigui imprescindible enviar les seves dades a un pa\u00eds que no sigui tan segur com Espanya, sempre li demanarem pr\u00e8viament el seu perm\u00eds i aplicarem mesures de seguretat eficaces que redueixin els riscos de l&#8217;enviament de la seva informaci\u00f3 personal a un altre pa\u00eds.<\/p>\n<p><\/p>\n<h5><b>Durant quant temps vam conservar les seves dades?<\/b><\/h5>\n<p>Conservarem les seves dades durant la nostra relaci\u00f3 i mentre ens obliguin les lleis. Un cop finalitzats els terminis legals aplicables, procedirem a eliminar-los de forma segura i respectuosa amb el medi ambient. <\/p>\n<p><\/p>\n<h5><b>Quins s\u00f3n els seus drets de protecci\u00f3 de dades?<\/b><\/h5>\n<p>En qualsevol moment pot dirigir-se a nosaltres per saber quina informaci\u00f3 tenim sobre vost\u00e8, rectificar-la si fos incorrecta i eliminar-la un cop finalitzada la nostra relaci\u00f3, en el cas que aix\u00f2 sigui legalment possible.<\/p>\n<p>Tamb\u00e9 t\u00e9 dret a demanar el trasp\u00e0s de la seva informaci\u00f3 a una altra entitat. Aquest dret s&#8217;anomena &#8220;portabilitat&#8221; i pot ser \u00fatil en determinades situacions. <\/p>\n<p>Per sol\u00b7licitar algun d&#8217;aquests drets, haur\u00e0 de realitzar una sol\u00b7licitud escrita a la nostra adre\u00e7a, juntament amb una fotoc\u00f2pia del seu DNI, per poder identificar-lo.<\/p>\n<p>A les oficines de la nostra entitat disposem de formularis espec\u00edfics per demanar aquests drets i li oferim la nostra ajuda per a la seva formalitzaci\u00f3.<\/p>\n<p>Per saber m\u00e9s sobre els seus drets de protecci\u00f3 de dades, pot consultar la p\u00e0gina web de l&#8217;Ag\u00e8ncia Espanyola de Protecci\u00f3 de Dades (www.agpd.es).<\/p>\n<p><\/p>\n<h5><b>Pot retirar el seu consentiment si canvia d&#8217;opini\u00f3 en un moment posterior?<\/b><\/h5>\n<p>Vost\u00e8 pot retirar el seu consentiment si canvia d&#8217;opini\u00f3 sobre l&#8217;\u00fas de les seves dades en qualsevol moment.<\/p>\n<p>Aix\u00ed per exemple, si vost\u00e8 al seu dia va estar interessat\/ada a rebre publicitat dels nostres productes o serveis, per\u00f2 ja no desitja rebre m\u00e9s publicitat, pot fer-nos-ho constar a trav\u00e9s del formulari d&#8217;oposici\u00f3 al tractament disponible a les oficines de la nostra entitat.<\/p>\n<p><\/p>\n<h5><b>En cas que entengui que els seus drets han estat desatesos, on pot formular una reclamaci\u00f3?<\/b><\/h5>\n<p>En cas que entengui que els seus drets han estat desatesos per la nostra entitat, pot formular una reclamaci\u00f3 a l&#8217; Ag\u00e8ncia Espanyola de Protecci\u00f3 de Dades, a trav\u00e9s d&#8217; algun dels mitjans seg\u00fcents:<\/p>\n<ul>\n<li>Seu electr\u00f2nica: www.agpd.es<\/li>\n<li>Adre\u00e7a postal:<\/li>\n<li>Ag\u00e8ncia Espanyola de Protecci\u00f3 de Dades C\/ Jorge Juan, 6 28001-Madrid<\/li>\n<li>Via telef\u00f2nica:<\/li>\n<li>Telf. 901 100 099<\/li>\n<li>Telf. 91 266 35 17<\/li>\n<\/ul>\n<div>&nbsp;<\/div>\n<p>Formular una reclamaci\u00f3 a l&#8217; Ag\u00e8ncia Espanyola de Protecci\u00f3 de Dades no comporta cap cost i no \u00e9s necess\u00e0ria l&#8217; assist\u00e8ncia d&#8217; advocat ni procurador.<\/p>\n<p><\/p>\n<h5><b>Elaborarem perfils sobre vost\u00e8?<\/b><\/h5>\n<p>La nostra pol\u00edtica \u00e9s no elaborar perfils sobre els usuaris dels nostres serveis.<\/p>\n<p>No obstant aix\u00f2, poden existir situacions en qu\u00e8, amb finalitats de prestaci\u00f3 del servei, comercials o d&#8217;un altre tipus, necessitem elaborar perfils d&#8217;informaci\u00f3 sobre vost\u00e8. Un exemple pot ser la utilitzaci\u00f3 del seu historial de compres o serveis per poder oferir-li productes o serveis adaptats als seus gustos o necessitats.<\/p>\n<p>En aquest cas, aplicarem mesures de seguretat eficaces que protegeixin la seva informaci\u00f3 en tot moment de persones no autoritzades que pretenguin utilitzar-la en el seu propi benefici.<\/p>\n<p><\/p>\n<h5><b>\u00bfUsarem les seves dades per a altres finalitats?<\/b><\/h5>\n<p>La nostra pol\u00edtica \u00e9s no usar les seves dades per a altres finalitats diferents a les que li hem explicat. Si, no obstant aix\u00f2, necessit\u00e0ssim fer servir les seves dades per a activitats diferents, sempre li demanarem pr\u00e8viament el seu perm\u00eds a trav\u00e9s d&#8217;opcions clares que li permetran decidir al respecte.<\/p>\t\t\t\t\t\t\t\t<\/div>\n\t\t\t\t<\/div>\n\t\t\t\t\t<\/div>\n\t\t<\/div>\n\t\t\t\t\t<\/div>\n\t\t<\/section>\n\t\t\t\t<\/div>\n\t\t","protected":false},"excerpt":{"rendered":"<p>Pol\u00edtica de privacitat Informaci\u00f3 en compliment de la normativa de protecci\u00f3 de dades personals A Europa i a Espanya hi ha normes de protecci\u00f3 de dades pensades per protegir la seva informaci\u00f3 personal d&#8217;obligat compliment per a la nostra entitat. Per aix\u00f2, \u00e9s molt important per a nosaltres que entengui perfectament qu\u00e8 vam fer amb [&hellip;]<\/p>\n","protected":false},"author":1,"featured_media":0,"parent":0,"menu_order":0,"comment_status":"closed","ping_status":"closed","template":"elementor_header_footer","meta":{"inline_featured_image":false,"footnotes":""},"class_list":["post-1164","page","type-page","status-publish","hentry"],"yoast_head":"<!-- This site is optimized with the Yoast SEO plugin v27.4 - https:\/\/yoast.com\/product\/yoast-seo-wordpress\/ -->\n<title>Privacitat - Pol Nubiala<\/title>\n<meta name=\"robots\" content=\"noindex, follow\" \/>\n<meta property=\"og:locale\" content=\"ca_ES\" \/>\n<meta property=\"og:type\" content=\"article\" \/>\n<meta property=\"og:title\" content=\"Privacitat - Pol Nubiala\" \/>\n<meta property=\"og:description\" content=\"Pol\u00edtica de privacitat Informaci\u00f3 en compliment de la normativa de protecci\u00f3 de dades personals A Europa i a Espanya hi ha normes de protecci\u00f3 de dades pensades per protegir la seva informaci\u00f3 personal d&#8217;obligat compliment per a la nostra entitat. Per aix\u00f2, \u00e9s molt important per a nosaltres que entengui perfectament qu\u00e8 vam fer amb [&hellip;]\" \/>\n<meta property=\"og:url\" content=\"https:\/\/polnubiala.com\/ca\/privacitat\/\" \/>\n<meta property=\"og:site_name\" content=\"Pol Nubiala\" \/>\n<meta property=\"article:modified_time\" content=\"2025-02-07T08:09:40+00:00\" \/>\n<meta name=\"twitter:card\" content=\"summary_large_image\" \/>\n<meta name=\"twitter:label1\" content=\"Temps estimat de lectura\" \/>\n\t<meta name=\"twitter:data1\" content=\"6 minuts\" \/>\n<script type=\"application\/ld+json\" class=\"yoast-schema-graph\">{\"@context\":\"https:\\\/\\\/schema.org\",\"@graph\":[{\"@type\":\"WebPage\",\"@id\":\"https:\\\/\\\/polnubiala.com\\\/ca\\\/privacitat\\\/\",\"url\":\"https:\\\/\\\/polnubiala.com\\\/ca\\\/privacitat\\\/\",\"name\":\"Privacitat - Pol Nubiala\",\"isPartOf\":{\"@id\":\"https:\\\/\\\/polnubiala.com\\\/ca\\\/#website\"},\"datePublished\":\"2024-12-23T08:23:55+00:00\",\"dateModified\":\"2025-02-07T08:09:40+00:00\",\"breadcrumb\":{\"@id\":\"https:\\\/\\\/polnubiala.com\\\/ca\\\/privacitat\\\/#breadcrumb\"},\"inLanguage\":\"ca\",\"potentialAction\":[{\"@type\":\"ReadAction\",\"target\":[\"https:\\\/\\\/polnubiala.com\\\/ca\\\/privacitat\\\/\"]}]},{\"@type\":\"BreadcrumbList\",\"@id\":\"https:\\\/\\\/polnubiala.com\\\/ca\\\/privacitat\\\/#breadcrumb\",\"itemListElement\":[{\"@type\":\"ListItem\",\"position\":1,\"name\":\"Portada\",\"item\":\"https:\\\/\\\/polnubiala.com\\\/ca\\\/\"},{\"@type\":\"ListItem\",\"position\":2,\"name\":\"Privacitat\"}]},{\"@type\":\"WebSite\",\"@id\":\"https:\\\/\\\/polnubiala.com\\\/ca\\\/#website\",\"url\":\"https:\\\/\\\/polnubiala.com\\\/ca\\\/\",\"name\":\"Pol Nubiala\",\"description\":\"\",\"publisher\":{\"@id\":\"https:\\\/\\\/polnubiala.com\\\/ca\\\/#organization\"},\"potentialAction\":[{\"@type\":\"SearchAction\",\"target\":{\"@type\":\"EntryPoint\",\"urlTemplate\":\"https:\\\/\\\/polnubiala.com\\\/ca\\\/?s={search_term_string}\"},\"query-input\":{\"@type\":\"PropertyValueSpecification\",\"valueRequired\":true,\"valueName\":\"search_term_string\"}}],\"inLanguage\":\"ca\"},{\"@type\":\"Organization\",\"@id\":\"https:\\\/\\\/polnubiala.com\\\/ca\\\/#organization\",\"name\":\"Pol Nubiala\",\"url\":\"https:\\\/\\\/polnubiala.com\\\/ca\\\/\",\"logo\":{\"@type\":\"ImageObject\",\"inLanguage\":\"ca\",\"@id\":\"https:\\\/\\\/polnubiala.com\\\/ca\\\/#\\\/schema\\\/logo\\\/image\\\/\",\"url\":\"https:\\\/\\\/polnubiala.com\\\/wp-content\\\/uploads\\\/2024\\\/12\\\/pol-nubiala-logo.png\",\"contentUrl\":\"https:\\\/\\\/polnubiala.com\\\/wp-content\\\/uploads\\\/2024\\\/12\\\/pol-nubiala-logo.png\",\"width\":1212,\"height\":186,\"caption\":\"Pol Nubiala\"},\"image\":{\"@id\":\"https:\\\/\\\/polnubiala.com\\\/ca\\\/#\\\/schema\\\/logo\\\/image\\\/\"}}]}<\/script>\n<!-- \/ Yoast SEO plugin. -->","yoast_head_json":{"title":"Privacitat - Pol Nubiala","robots":{"index":"noindex","follow":"follow"},"og_locale":"ca_ES","og_type":"article","og_title":"Privacitat - Pol Nubiala","og_description":"Pol\u00edtica de privacitat Informaci\u00f3 en compliment de la normativa de protecci\u00f3 de dades personals A Europa i a Espanya hi ha normes de protecci\u00f3 de dades pensades per protegir la seva informaci\u00f3 personal d&#8217;obligat compliment per a la nostra entitat. Per aix\u00f2, \u00e9s molt important per a nosaltres que entengui perfectament qu\u00e8 vam fer amb [&hellip;]","og_url":"https:\/\/polnubiala.com\/ca\/privacitat\/","og_site_name":"Pol Nubiala","article_modified_time":"2025-02-07T08:09:40+00:00","twitter_card":"summary_large_image","twitter_misc":{"Temps estimat de lectura":"6 minuts"},"schema":{"@context":"https:\/\/schema.org","@graph":[{"@type":"WebPage","@id":"https:\/\/polnubiala.com\/ca\/privacitat\/","url":"https:\/\/polnubiala.com\/ca\/privacitat\/","name":"Privacitat - Pol Nubiala","isPartOf":{"@id":"https:\/\/polnubiala.com\/ca\/#website"},"datePublished":"2024-12-23T08:23:55+00:00","dateModified":"2025-02-07T08:09:40+00:00","breadcrumb":{"@id":"https:\/\/polnubiala.com\/ca\/privacitat\/#breadcrumb"},"inLanguage":"ca","potentialAction":[{"@type":"ReadAction","target":["https:\/\/polnubiala.com\/ca\/privacitat\/"]}]},{"@type":"BreadcrumbList","@id":"https:\/\/polnubiala.com\/ca\/privacitat\/#breadcrumb","itemListElement":[{"@type":"ListItem","position":1,"name":"Portada","item":"https:\/\/polnubiala.com\/ca\/"},{"@type":"ListItem","position":2,"name":"Privacitat"}]},{"@type":"WebSite","@id":"https:\/\/polnubiala.com\/ca\/#website","url":"https:\/\/polnubiala.com\/ca\/","name":"Pol Nubiala","description":"","publisher":{"@id":"https:\/\/polnubiala.com\/ca\/#organization"},"potentialAction":[{"@type":"SearchAction","target":{"@type":"EntryPoint","urlTemplate":"https:\/\/polnubiala.com\/ca\/?s={search_term_string}"},"query-input":{"@type":"PropertyValueSpecification","valueRequired":true,"valueName":"search_term_string"}}],"inLanguage":"ca"},{"@type":"Organization","@id":"https:\/\/polnubiala.com\/ca\/#organization","name":"Pol Nubiala","url":"https:\/\/polnubiala.com\/ca\/","logo":{"@type":"ImageObject","inLanguage":"ca","@id":"https:\/\/polnubiala.com\/ca\/#\/schema\/logo\/image\/","url":"https:\/\/polnubiala.com\/wp-content\/uploads\/2024\/12\/pol-nubiala-logo.png","contentUrl":"https:\/\/polnubiala.com\/wp-content\/uploads\/2024\/12\/pol-nubiala-logo.png","width":1212,"height":186,"caption":"Pol Nubiala"},"image":{"@id":"https:\/\/polnubiala.com\/ca\/#\/schema\/logo\/image\/"}}]}},"_links":{"self":[{"href":"https:\/\/polnubiala.com\/ca\/wp-json\/wp\/v2\/pages\/1164","targetHints":{"allow":["GET"]}}],"collection":[{"href":"https:\/\/polnubiala.com\/ca\/wp-json\/wp\/v2\/pages"}],"about":[{"href":"https:\/\/polnubiala.com\/ca\/wp-json\/wp\/v2\/types\/page"}],"author":[{"embeddable":true,"href":"https:\/\/polnubiala.com\/ca\/wp-json\/wp\/v2\/users\/1"}],"replies":[{"embeddable":true,"href":"https:\/\/polnubiala.com\/ca\/wp-json\/wp\/v2\/comments?post=1164"}],"version-history":[{"count":1,"href":"https:\/\/polnubiala.com\/ca\/wp-json\/wp\/v2\/pages\/1164\/revisions"}],"predecessor-version":[{"id":1165,"href":"https:\/\/polnubiala.com\/ca\/wp-json\/wp\/v2\/pages\/1164\/revisions\/1165"}],"wp:attachment":[{"href":"https:\/\/polnubiala.com\/ca\/wp-json\/wp\/v2\/media?parent=1164"}],"curies":[{"name":"wp","href":"https:\/\/api.w.org\/{rel}","templated":true}]}}