{"id":1168,"date":"2024-12-23T09:23:55","date_gmt":"2024-12-23T09:23:55","guid":{"rendered":"https:\/\/polnubiala.com\/cookies\/"},"modified":"2025-02-07T08:10:17","modified_gmt":"2025-02-07T08:10:17","slug":"cookies","status":"publish","type":"page","link":"https:\/\/polnubiala.com\/ca\/cookies\/","title":{"rendered":"Cookies"},"content":{"rendered":"\t\t<div data-elementor-type=\"wp-page\" data-elementor-id=\"1168\" class=\"elementor elementor-1168 elementor-18\" data-elementor-post-type=\"page\">\n\t\t\t\t\t\t<section class=\"elementor-section elementor-top-section elementor-element elementor-element-f33d0f2 elementor-section-boxed elementor-section-height-default elementor-section-height-default\" data-id=\"f33d0f2\" data-element_type=\"section\" data-e-type=\"section\">\n\t\t\t\t\t\t<div class=\"elementor-container elementor-column-gap-default\">\n\t\t\t\t\t<div class=\"elementor-column elementor-col-100 elementor-top-column elementor-element elementor-element-de3bcca\" data-id=\"de3bcca\" data-element_type=\"column\" data-e-type=\"column\">\n\t\t\t<div class=\"elementor-widget-wrap elementor-element-populated\">\n\t\t\t\t\t\t<div class=\"elementor-element elementor-element-f4ff432 elementor-widget elementor-widget-heading\" data-id=\"f4ff432\" data-element_type=\"widget\" data-e-type=\"widget\" data-widget_type=\"heading.default\">\n\t\t\t\t<div class=\"elementor-widget-container\">\n\t\t\t\t\t<h1 class=\"elementor-heading-title elementor-size-default\">Pol\u00edtica de cookies<\/h1>\t\t\t\t<\/div>\n\t\t\t\t<\/div>\n\t\t\t\t<div class=\"elementor-element elementor-element-008ed79 elementor-widget__width-initial elementor-widget elementor-widget-text-editor\" data-id=\"008ed79\" data-element_type=\"widget\" data-e-type=\"widget\" data-widget_type=\"text-editor.default\">\n\t\t\t\t<div class=\"elementor-widget-container\">\n\t\t\t\t\t\t\t\t\t<p>Benvinguda\/o a la POL\u00cdTICA DE COOKIES de la p\u00e0gina web de l&#8217;entitat Pol Nubiala on t&#8217;explicarem en un llenguatge clar i senzill totes les q\u00fcestions necess\u00e0ries perqu\u00e8 puguis tenir el control sobre elles en base a les teves decisions personals.<\/p>\n<h5><b>Qu\u00e8 s\u00f3n les cookies i per a qu\u00e8 la fem servir?<\/b><\/h5>\n<p>Una&nbsp;cookie&nbsp;o galeta inform\u00e0tica \u00e9s un petit arxiu d&#8217;informaci\u00f3 que es guarda al teu ordinador, &#8220;smartphone&#8221; o tauleta cada vegada que visites la nostra p\u00e0gina web.<\/p>\n<p>En principi, una cookie \u00e9s inofensiva: no cont\u00e9 virus, troians, cucs, etc. que puguin danyar el teu terminal, per\u00f2 s\u00ed que t\u00e9 cert impacte sobre el teu dret a la protecci\u00f3 de les teves dades personals, ja que recull determinada informaci\u00f3 concernent la teva persona (h\u00e0bits de navegaci\u00f3, identitat, prefer\u00e8ncies, etc.).<\/p>\n<p>\u00c9s per aix\u00f2 que, en base a l&#8217;establert en la normativa aplicable (LSSI i normativa vigent de protecci\u00f3 de dades personals), l&#8217;activaci\u00f3 de determinats tipus de cookies necessitar\u00e0 de la teva autoritzaci\u00f3 pr\u00e8via.<\/p>\n<p>Abans d&#8217;aix\u00f2, et donarem alguna informaci\u00f3 addicional que t&#8217;ajudar\u00e0 a una millor presa de decisions al respecte:<\/p>\n<p><u><br>1. Les cookies poden ser de diversos tipus en funci\u00f3 de la seva finalitat:<\/u><\/p>\n<ul>\n<li>Les cookies t\u00e8cniques s\u00f3n necess\u00e0ries perqu\u00e8 la nostra p\u00e0gina web pugui funcionar, no necessiten de la teva autoritzaci\u00f3 i s\u00f3n les \u00faniques que tenim activades per defecte.<\/li>\n<li>La resta de cookies serveixen per millorar la nostra p\u00e0gina, per personalitzar-la en base a les teves prefer\u00e8ncies, o per poder mostrar-te publicitat ajustada a les teves recerques, gustos i interessos personals. Pots acceptar totes aquestes cookies pitjant el bot\u00f3 ACCEPTAR, rebutjar-les pitjant el bot\u00f3 REBUTJAR o configurar-les clicant en l&#8217;apartat CONFIGURACI\u00d3 DE COOKIES. <\/li>\n<\/ul>\n<div>&nbsp;<\/div>\n<p><u>2. Algunes cookies s\u00f3n nostres (les denominarem cookies pr\u00f2pies) i d&#8217;altres pertanyen a empreses externes que presten serveis per a la nostra p\u00e0gina web (les denominarem cookies de tercers: un exemple podrien ser les cookies de prove\u00efdors externs com Google).&nbsp;<\/u><\/p>\n<p>En aquest sentit, \u00e9s important que s\u00e0pigues que alguns d&#8217;aquests prove\u00efdors externs poden estar ubicats fora d&#8217;Espanya.<\/p>\n<div>\n<div>\n<p>A nivell mundial, no tots els pa\u00efsos tenen un mateix nivell de protecci\u00f3 de dades, existint alguns pa\u00efsos m\u00e9s segurs que d&#8217;altres (per exemple, la Uni\u00f3 Europea \u00e9s un entorn segur per a les teves dades). La nostra pol\u00edtica \u00e9s rec\u00f3rrer a prove\u00efdors confiables que, amb independ\u00e8ncia que es trobin o no ubicats a la Uni\u00f3 Europea, hagin adoptat les garanties adequades per a la protecci\u00f3 de la teva informaci\u00f3 personal. No obstant aix\u00f2, en l&#8217;apartat denominat &#8220;quin tipus de cookies podem utilitzar a la nostra p\u00e0gina web&#8221;, pots consultar les diferents Pol\u00edtiques de privacitat i protecci\u00f3 de dades de cadascun dels referits prove\u00efdors externs, a fi de prendre una decisi\u00f3 conscient sobre l&#8217;activaci\u00f3 o no de les cookies de tercers que utilitza la nostra p\u00e0gina web.  <\/p>\n<p><u>3, Finalment, indicar-te que, en funci\u00f3 del termini de temps que romanen actives, les cookies poden ser de dos tipus:<\/u><\/p>\n<ul>\n<li>Cookies de sessi\u00f3: expiren autom\u00e0ticament quan acabes la sessi\u00f3 al teu ordinador, &#8220;smartphone&#8221; o tauleta. Solen emprar-se per conservar la informaci\u00f3 necess\u00e0ria mentre se&#8217;t presta un servei en una sola ocasi\u00f3. <\/li>\n<li>Cookies persistents: romanen emmagatzemades al teu ordinador, &#8220;smartphone&#8221; o tauleta durant un per\u00edode determinat, que pot variar des d&#8217;uns minuts fins a diversos anys.<\/li>\n<\/ul>\n<div>&nbsp;<\/div>\n<div>&nbsp;<\/div>\n<h5><b>Quin tipus de cookies podem utilitzar a la nostra p\u00e0gina web?<\/b><\/h5>\n<p><u>Cookies T\u00e8cniques:<\/u><\/p>\n<p>Les cookies t\u00e8cniques s\u00f3n estrictament necess\u00e0ries perqu\u00e8 la nostra p\u00e0gina web funcioni i puguis navegar per la mateixa. Aquest tipus de cookies s\u00f3n les que, per exemple, ens permeten identificar-te, donar-te acc\u00e9s a determinades parts restringides de la p\u00e0gina si fos necessari, o recordar diferents opcions o serveis ja seleccionats per tu, com les teves prefer\u00e8ncies de privacitat. Per aix\u00f2, estan activades per defecte, no sent necess\u00e0ria la teva autoritzaci\u00f3 al respecte.  <\/p>\n<p>A trav\u00e9s de la configuraci\u00f3 del teu navegador, pots bloquejar o alertar de la pres\u00e8ncia d&#8217;aquest tipus de cookies, si b\u00e9 aquest bloqueig afectar\u00e0 el correcte funcionament de les diferents funcionalitats de la nostra p\u00e0gina web.<\/p>\n<p><u>Cookies d&#8217; An\u00e0lisi:<\/u><\/p>\n<p>Les cookies d&#8217;an\u00e0lisi ens permeten estudiar la navegaci\u00f3 dels usuaris de la nostra p\u00e0gina web en general (per exemple, quines seccions de la p\u00e0gina s\u00f3n les m\u00e9s visitades, quins serveis es fan servir m\u00e9s i si funcionen correctament, etc.).<\/p>\n<p>A partir de la informaci\u00f3 estad\u00edstica sobre la navegaci\u00f3 a la nostra p\u00e0gina web, podem millorar tant el propi funcionament de la p\u00e0gina com els diferents serveis que ofereix. Per tant, aquestes cookies no tenen una finalitat publicit\u00e0ria, sin\u00f3 que \u00fanicament serveixen perqu\u00e8 la nostra p\u00e0gina web funcioni millor, adaptant-se als nostres usuaris en general. Activant-les contribuir\u00e0s a aquesta millora cont\u00ednua.  <\/p>\n<p>Pots activar o desactivar aquestes cookies marcant la casella corresponent, estant desactivades per defecte.<\/p>\n<p><u>Cookies de Funcionalitat i Personalitzaci\u00f3:<\/u><\/p>\n<p>Les cookies de funcionalitat ens permeten recordar les teves prefer\u00e8ncies, per personalitzar a la teva mida determinades caracter\u00edstiques i opcions generals de la nostra p\u00e0gina web, cada vegada que hi accedeixis (per exemple, l&#8217;idioma en qu\u00e8 se&#8217;t presenta la informaci\u00f3, les seccions marcades com a favorites, el teu tipus de navegador, etc.).<\/p>\n<p>Per tant, aquest tipus de cookies no tenen una finalitat publicit\u00e0ria, sin\u00f3 que activant-les millorar\u00e0s la funcionalitat de la p\u00e0gina web (per exemple, adaptant-se al teu tipus de navegador) i la personalitzaci\u00f3 de la mateixa en base a les teves prefer\u00e8ncies (per exemple, presentant la informaci\u00f3 en l&#8217;idioma que hagis escollit en anteriors ocasions), la qual cosa contribuir\u00e0 a la facilitat,  usabilitat i comoditat de la nostra p\u00e0gina durant la teva navegaci\u00f3.<\/p>\n<p>Pots activar o desactivar aquestes cookies marcant la casella corresponent, estant desactivades per defecte.<\/p>\n<p><u>Cookies de Publicitat:<\/u><\/p>\n<p>Les cookies de publicitat ens permeten la gesti\u00f3 dels espais publicitaris inclosos a la nostra p\u00e0gina web en base a criteris com el contingut mostrat o la freq\u00fc\u00e8ncia en qu\u00e8 es mostren els anuncis.<\/p>\n<p>Aix\u00ed per exemple, si se t&#8217;ha mostrat diverses vegades un mateix anunci a la nostra p\u00e0gina web, i no has mostrat un inter\u00e8s personal fent clic sobre ell, aquest no tornar\u00e0 a apar\u00e8ixer. En resum, activant aquest tipus de cookies, la publicitat mostrada a la nostra p\u00e0gina web ser\u00e0 m\u00e9s \u00fatil i diversa, i menys repetitiva. <\/p>\n<p>Pots activar o desactivar aquestes cookies marcant la casella corresponent, estant desactivades per defecte.<\/p>\n<p><u>Cookies de Publicitat Comportamental:<\/u><\/p>\n<p>Les cookies de publicitat comportamental ens permeten obtenir informaci\u00f3 basada en l&#8217;observaci\u00f3 dels teus h\u00e0bits i comportaments de navegaci\u00f3 a la web, per tal de poder mostrar-te continguts publicitaris que s&#8217;ajustin millor als teus gustos i interessos personals.<br>Perqu\u00e8 ho entenguis de manera molt senzilla, et posarem un exemple fictici: si les teves \u00faltimes recerques a la web estiguessin relacionades amb literatura de suspens, et mostrar\u00edem publicitat sobre llibres de suspens.<\/p>\n<p>Per tant, activant aquest tipus de cookies, la publicitat que et mostrem a la nostra p\u00e0gina web no ser\u00e0 gen\u00e8rica, sin\u00f3 que estar\u00e0 orientada a les teves recerques, gustos i interessos, ajustant-se per tant exclusivament a tu.<\/p>\n<p>Pots activar o desactivar aquestes cookies marcant la casella corresponent, estant desactivades per defecte.<\/p>\n<h5><b>Quin tipus de cookies s&#8217;utilitzen actualment a la nostra p\u00e0gina web?<\/b><\/h5>\n<p>A continuaci\u00f3, procedim a informar-te sobre tots els tipus de cookies que actualment s&#8217;utilitzen a la nostra p\u00e0gina web i la finalitat de cadascuna de les mateixes:<\/p>\n<table>\n<tbody>\n<tr>\n<td>Tipus de cookie<\/td>\n<td>Finalitat<\/td>\n<td>Entitat responsable i enlla\u00e7 a la seva pol\u00edtica de privacitat i protecci\u00f3 de dades<\/td>\n<td>Termini de temps (de sessi\u00f3 \/ persistent)<\/td>\n<\/tr>\n<tr>\n<td>\n_ga_SF0CLLZ30S<\/td><td>Es fa servir per mantenir l&#8217;estat de la sessi\u00f3<\/td>\n<td>Google<\/td>\n<td>1 any i 1 mes<\/td>\n<\/tr>\n<tr>\n<td>_ga<\/td>\n<td>Aquest nom de cookie est\u00e0 associat amb Google Universal Analytics, que \u00e9s una actualitzaci\u00f3 important del servei d&#8217;an\u00e0lisi m\u00e9s utilitzat de Google. Aquesta cookie s&#8217;utilitza per distingir usuaris \u00fanics assignant un nombre generat aleat\u00f2riament com a identificador de client. S&#8217;inclou en cada sol\u00b7licitud de p\u00e0gina d&#8217;un lloc i s&#8217;utilitza per calcular les dades de visitants, sessions i campanyes per als informes anal\u00edtics del lloc.<br>;  <\/td>\n<td>Google<\/td>\n<td>1 any i 1 mes<\/td>\n<\/tr>\n<\/tbody>\n<\/table>\n<h5><b>&nbsp;<\/b><\/h5>\n<h5><b>Qu\u00e8 pots fer amb les cookies?<\/b><\/h5>\n<p>Quan accedeixes per primera vegada a la nostra p\u00e0gina web, se&#8217;t mostra una finestra en la qual t&#8217;informem que les cookies poden ser de diversos tipus:<\/p>\n<ul>\n<li>Les cookies t\u00e8cniques s\u00f3n necess\u00e0ries perqu\u00e8 la nostra p\u00e0gina web pugui funcionar, no necessiten de la teva autoritzaci\u00f3 i s\u00f3n les \u00faniques que tenim activades per defecte.<\/li>\n<li>La resta de cookies serveixen per millorar la nostra p\u00e0gina, per personalitzar-la en base a les teves prefer\u00e8ncies, o per poder mostrar-te publicitat ajustada a les teves recerques, gustos i interessos personals. Pots acceptar totes aquestes cookies pitjant el bot\u00f3 ACCEPTAR, rebutjar-les pitjant el bot\u00f3 REBUTJAR o configurar-les clicant en l&#8217;apartat CONFIGURACI\u00d3 DE COOKIES. <\/li>\n<\/ul>\n<div>&nbsp;<\/div>\n<div>&nbsp;<\/div>\n<p>Informar-te tamb\u00e9 que, un cop hagis activat qualsevol tipus de cookies, tens la possibilitat de desactivar-les en el moment que desitges, amb el simple pas de desmarcar la casella corresponent a l&#8217;apartat CONFIGURACI\u00d3 DE COOKIES de la nostra p\u00e0gina web. Sempre ser\u00e0 tan senzill per a tu activar les nostres cookies pr\u00f2pies com desactivar-les. <\/p>\n<p>Recordar-te aix\u00ed mateix que, a trav\u00e9s de la configuraci\u00f3 del teu navegador, pots bloquejar o alertar de la pres\u00e8ncia de cookies, si b\u00e9 aquest bloqueig pot afectar el correcte funcionament de les diferents funcionalitats de la nostra p\u00e0gina web en el cas de les cookies t\u00e8cniques necess\u00e0ries.<\/p>\n<p>Finalment, indicar-te que, si actives cookies de tercers (empreses externes que presten serveis per a la nostra p\u00e0gina web) i posteriorment desitges desactivar-les, podr\u00e0s fer-ho de dues formes: usant les eines de desactivaci\u00f3 de cookies del teu navegador o a trav\u00e9s dels propis sistemes habilitats per aquests prove\u00efdors externs.<\/p>\n<p>Perqu\u00e8 et sigui molt m\u00e9s f\u00e0cil, a continuaci\u00f3 et relacionem una s\u00e8rie d&#8217;enlla\u00e7os a les pautes de desactivaci\u00f3 de cookies dels navegadors d&#8217;\u00fas com\u00fa:<\/p>\n<ul>\n<li>Google Chrome.<\/li>\n<li>Mozilla Firefox.<\/li>\n<li>Internet Explorer.<\/li>\n<li>Safari.<\/li>\n<li>Safari per a IOS (iPhone i iPad).<\/li>\n<li>Google Chrome per a Android.<\/li>\n<li>Google Chrome per a Iphone i Ipad.<\/li>\n<\/ul>\n<div>&nbsp;<\/div>\n<div>&nbsp;<\/div>\n<\/div>\n<\/div>\n<p>Aix\u00ed mateix, et relacionem els enlla\u00e7os als sistemes propis habilitats per cadascun dels referits prove\u00efdors externs per a la desactivaci\u00f3 de les seves cookies:<\/p>\n<p>\u2013<span style=\"color: #000000;\"> <a style=\"color: #000000;\" href=\"https:\/\/support.google.com\/analytics\/answer\/11397207?hl=es#:~:text=Haga%20clic%20en%20el%20flujo,la%20configuraci%C3%B3n%20de%20cookies%20predeterminada.\" target=\"_blank\" rel=\"noopener\">\u00das de cookies en llocs webs \u2013 Google Analytics<\/a><\/span><\/p>\t\t\t\t\t\t\t\t<\/div>\n\t\t\t\t<\/div>\n\t\t\t\t\t<\/div>\n\t\t<\/div>\n\t\t\t\t\t<\/div>\n\t\t<\/section>\n\t\t\t\t<\/div>\n\t\t","protected":false},"excerpt":{"rendered":"<p>Pol\u00edtica de cookies Benvinguda\/o a la POL\u00cdTICA DE COOKIES de la p\u00e0gina web de l&#8217;entitat Pol Nubiala on t&#8217;explicarem en un llenguatge clar i senzill totes les q\u00fcestions necess\u00e0ries perqu\u00e8 puguis tenir el control sobre elles en base a les teves decisions personals. Qu\u00e8 s\u00f3n les cookies i per a qu\u00e8 la fem servir? Una&nbsp;cookie&nbsp;o [&hellip;]<\/p>\n","protected":false},"author":1,"featured_media":0,"parent":0,"menu_order":0,"comment_status":"closed","ping_status":"closed","template":"elementor_header_footer","meta":{"inline_featured_image":false,"footnotes":""},"class_list":["post-1168","page","type-page","status-publish","hentry"],"yoast_head":"<!-- This site is optimized with the Yoast SEO plugin v27.4 - https:\/\/yoast.com\/product\/yoast-seo-wordpress\/ -->\n<title>Cookies - Pol Nubiala<\/title>\n<meta name=\"robots\" content=\"noindex, follow\" \/>\n<meta property=\"og:locale\" content=\"ca_ES\" \/>\n<meta property=\"og:type\" content=\"article\" \/>\n<meta property=\"og:title\" content=\"Cookies - Pol Nubiala\" \/>\n<meta property=\"og:description\" content=\"Pol\u00edtica de cookies Benvinguda\/o a la POL\u00cdTICA DE COOKIES de la p\u00e0gina web de l&#8217;entitat Pol Nubiala on t&#8217;explicarem en un llenguatge clar i senzill totes les q\u00fcestions necess\u00e0ries perqu\u00e8 puguis tenir el control sobre elles en base a les teves decisions personals. Qu\u00e8 s\u00f3n les cookies i per a qu\u00e8 la fem servir? Una&nbsp;cookie&nbsp;o [&hellip;]\" \/>\n<meta property=\"og:url\" content=\"https:\/\/polnubiala.com\/ca\/cookies\/\" \/>\n<meta property=\"og:site_name\" content=\"Pol Nubiala\" \/>\n<meta property=\"article:modified_time\" content=\"2025-02-07T08:10:17+00:00\" \/>\n<meta name=\"twitter:card\" content=\"summary_large_image\" \/>\n<meta name=\"twitter:label1\" content=\"Temps estimat de lectura\" \/>\n\t<meta name=\"twitter:data1\" content=\"9 minuts\" \/>\n<script type=\"application\/ld+json\" class=\"yoast-schema-graph\">{\"@context\":\"https:\\\/\\\/schema.org\",\"@graph\":[{\"@type\":\"WebPage\",\"@id\":\"https:\\\/\\\/polnubiala.com\\\/ca\\\/cookies\\\/\",\"url\":\"https:\\\/\\\/polnubiala.com\\\/ca\\\/cookies\\\/\",\"name\":\"Cookies - Pol Nubiala\",\"isPartOf\":{\"@id\":\"https:\\\/\\\/polnubiala.com\\\/ca\\\/#website\"},\"datePublished\":\"2024-12-23T09:23:55+00:00\",\"dateModified\":\"2025-02-07T08:10:17+00:00\",\"breadcrumb\":{\"@id\":\"https:\\\/\\\/polnubiala.com\\\/ca\\\/cookies\\\/#breadcrumb\"},\"inLanguage\":\"ca\",\"potentialAction\":[{\"@type\":\"ReadAction\",\"target\":[\"https:\\\/\\\/polnubiala.com\\\/ca\\\/cookies\\\/\"]}]},{\"@type\":\"BreadcrumbList\",\"@id\":\"https:\\\/\\\/polnubiala.com\\\/ca\\\/cookies\\\/#breadcrumb\",\"itemListElement\":[{\"@type\":\"ListItem\",\"position\":1,\"name\":\"Portada\",\"item\":\"https:\\\/\\\/polnubiala.com\\\/ca\\\/\"},{\"@type\":\"ListItem\",\"position\":2,\"name\":\"Cookies\"}]},{\"@type\":\"WebSite\",\"@id\":\"https:\\\/\\\/polnubiala.com\\\/ca\\\/#website\",\"url\":\"https:\\\/\\\/polnubiala.com\\\/ca\\\/\",\"name\":\"Pol Nubiala\",\"description\":\"\",\"publisher\":{\"@id\":\"https:\\\/\\\/polnubiala.com\\\/ca\\\/#organization\"},\"potentialAction\":[{\"@type\":\"SearchAction\",\"target\":{\"@type\":\"EntryPoint\",\"urlTemplate\":\"https:\\\/\\\/polnubiala.com\\\/ca\\\/?s={search_term_string}\"},\"query-input\":{\"@type\":\"PropertyValueSpecification\",\"valueRequired\":true,\"valueName\":\"search_term_string\"}}],\"inLanguage\":\"ca\"},{\"@type\":\"Organization\",\"@id\":\"https:\\\/\\\/polnubiala.com\\\/ca\\\/#organization\",\"name\":\"Pol Nubiala\",\"url\":\"https:\\\/\\\/polnubiala.com\\\/ca\\\/\",\"logo\":{\"@type\":\"ImageObject\",\"inLanguage\":\"ca\",\"@id\":\"https:\\\/\\\/polnubiala.com\\\/ca\\\/#\\\/schema\\\/logo\\\/image\\\/\",\"url\":\"https:\\\/\\\/polnubiala.com\\\/wp-content\\\/uploads\\\/2024\\\/12\\\/pol-nubiala-logo.png\",\"contentUrl\":\"https:\\\/\\\/polnubiala.com\\\/wp-content\\\/uploads\\\/2024\\\/12\\\/pol-nubiala-logo.png\",\"width\":1212,\"height\":186,\"caption\":\"Pol Nubiala\"},\"image\":{\"@id\":\"https:\\\/\\\/polnubiala.com\\\/ca\\\/#\\\/schema\\\/logo\\\/image\\\/\"}}]}<\/script>\n<!-- \/ Yoast SEO plugin. -->","yoast_head_json":{"title":"Cookies - Pol Nubiala","robots":{"index":"noindex","follow":"follow"},"og_locale":"ca_ES","og_type":"article","og_title":"Cookies - Pol Nubiala","og_description":"Pol\u00edtica de cookies Benvinguda\/o a la POL\u00cdTICA DE COOKIES de la p\u00e0gina web de l&#8217;entitat Pol Nubiala on t&#8217;explicarem en un llenguatge clar i senzill totes les q\u00fcestions necess\u00e0ries perqu\u00e8 puguis tenir el control sobre elles en base a les teves decisions personals. Qu\u00e8 s\u00f3n les cookies i per a qu\u00e8 la fem servir? Una&nbsp;cookie&nbsp;o [&hellip;]","og_url":"https:\/\/polnubiala.com\/ca\/cookies\/","og_site_name":"Pol Nubiala","article_modified_time":"2025-02-07T08:10:17+00:00","twitter_card":"summary_large_image","twitter_misc":{"Temps estimat de lectura":"9 minuts"},"schema":{"@context":"https:\/\/schema.org","@graph":[{"@type":"WebPage","@id":"https:\/\/polnubiala.com\/ca\/cookies\/","url":"https:\/\/polnubiala.com\/ca\/cookies\/","name":"Cookies - Pol Nubiala","isPartOf":{"@id":"https:\/\/polnubiala.com\/ca\/#website"},"datePublished":"2024-12-23T09:23:55+00:00","dateModified":"2025-02-07T08:10:17+00:00","breadcrumb":{"@id":"https:\/\/polnubiala.com\/ca\/cookies\/#breadcrumb"},"inLanguage":"ca","potentialAction":[{"@type":"ReadAction","target":["https:\/\/polnubiala.com\/ca\/cookies\/"]}]},{"@type":"BreadcrumbList","@id":"https:\/\/polnubiala.com\/ca\/cookies\/#breadcrumb","itemListElement":[{"@type":"ListItem","position":1,"name":"Portada","item":"https:\/\/polnubiala.com\/ca\/"},{"@type":"ListItem","position":2,"name":"Cookies"}]},{"@type":"WebSite","@id":"https:\/\/polnubiala.com\/ca\/#website","url":"https:\/\/polnubiala.com\/ca\/","name":"Pol Nubiala","description":"","publisher":{"@id":"https:\/\/polnubiala.com\/ca\/#organization"},"potentialAction":[{"@type":"SearchAction","target":{"@type":"EntryPoint","urlTemplate":"https:\/\/polnubiala.com\/ca\/?s={search_term_string}"},"query-input":{"@type":"PropertyValueSpecification","valueRequired":true,"valueName":"search_term_string"}}],"inLanguage":"ca"},{"@type":"Organization","@id":"https:\/\/polnubiala.com\/ca\/#organization","name":"Pol Nubiala","url":"https:\/\/polnubiala.com\/ca\/","logo":{"@type":"ImageObject","inLanguage":"ca","@id":"https:\/\/polnubiala.com\/ca\/#\/schema\/logo\/image\/","url":"https:\/\/polnubiala.com\/wp-content\/uploads\/2024\/12\/pol-nubiala-logo.png","contentUrl":"https:\/\/polnubiala.com\/wp-content\/uploads\/2024\/12\/pol-nubiala-logo.png","width":1212,"height":186,"caption":"Pol Nubiala"},"image":{"@id":"https:\/\/polnubiala.com\/ca\/#\/schema\/logo\/image\/"}}]}},"_links":{"self":[{"href":"https:\/\/polnubiala.com\/ca\/wp-json\/wp\/v2\/pages\/1168","targetHints":{"allow":["GET"]}}],"collection":[{"href":"https:\/\/polnubiala.com\/ca\/wp-json\/wp\/v2\/pages"}],"about":[{"href":"https:\/\/polnubiala.com\/ca\/wp-json\/wp\/v2\/types\/page"}],"author":[{"embeddable":true,"href":"https:\/\/polnubiala.com\/ca\/wp-json\/wp\/v2\/users\/1"}],"replies":[{"embeddable":true,"href":"https:\/\/polnubiala.com\/ca\/wp-json\/wp\/v2\/comments?post=1168"}],"version-history":[{"count":1,"href":"https:\/\/polnubiala.com\/ca\/wp-json\/wp\/v2\/pages\/1168\/revisions"}],"predecessor-version":[{"id":1169,"href":"https:\/\/polnubiala.com\/ca\/wp-json\/wp\/v2\/pages\/1168\/revisions\/1169"}],"wp:attachment":[{"href":"https:\/\/polnubiala.com\/ca\/wp-json\/wp\/v2\/media?parent=1168"}],"curies":[{"name":"wp","href":"https:\/\/api.w.org\/{rel}","templated":true}]}}